{"id":5730,"date":"2024-11-10T18:40:46","date_gmt":"2024-11-10T18:40:46","guid":{"rendered":"https:\/\/missglobeinternational.org\/?page_id=5730"},"modified":"2025-02-27T11:38:49","modified_gmt":"2025-02-27T11:38:49","slug":"company-partners-2","status":"publish","type":"page","link":"https:\/\/missglobeinternational.org\/index.php\/company-partners-2\/","title":{"rendered":"Company Partners"},"content":{"rendered":"\t\t<div data-elementor-type=\"wp-page\" data-elementor-id=\"5730\" class=\"elementor elementor-5730\">\n\t\t\t\t\t\t<section style=\"height: 520px\" class=\"qodef-parallax--custom elementor-section elementor-top-section elementor-element elementor-element-b5f8028 elementor-section-full_width qodef-elementor-content-grid elementor-section-height-default elementor-section-height-default\" data-id=\"b5f8028\" data-element_type=\"section\">\n\t\t\t\t\t\t<div class=\"elementor-container elementor-column-gap-no\">\n\t\t\t\t\t<div class=\"elementor-column elementor-col-100 elementor-top-column elementor-element elementor-element-935e73e\" data-id=\"935e73e\" data-element_type=\"column\">\n\t\t\t<div class=\"elementor-widget-wrap elementor-element-populated\">\n\t\t\t\t\t\t<div class=\"elementor-element elementor-element-d3d8547 elementor-widget elementor-widget-eona_core_section_title\" data-id=\"d3d8547\" data-element_type=\"widget\" data-widget_type=\"eona_core_section_title.default\">\n\t\t\t\t<div class=\"elementor-widget-container\">\n\t\t\t\t\t<div class=\"qodef-shortcode qodef-m  qodef-section-title qodef-alignment--center    \">\n    \t<h6 class=\"qodef-m-caption\" style=\"color: #FFFFFF\">\n        RCA Global Entertainment Co\t<\/h6>\n\t<h1 class=\"qodef-m-title\" style=\"color: #FFFFFF\" >\n                    Company Partners            <\/h1>\n    \t<span class=\"qodef-m-subtitle\" style=\"color: #FFFFFF\">\n        The universe is like an orchestra, for those who can hear it.\t<\/span>\n    \t    <\/div>\t\t\t\t<\/div>\n\t\t\t\t<\/div>\n\t\t\t\t\t<\/div>\n\t\t<\/div>\n\t\t\t\t\t<\/div>\n\t\t<\/section>\n\t\t\t\t<section class=\"elementor-section elementor-top-section elementor-element elementor-element-cce703a elementor-section-full_width qodef-elementor-content-grid elementor-section-height-default elementor-section-height-default\" data-id=\"cce703a\" data-element_type=\"section\">\n\t\t\t\t\t\t<div class=\"elementor-container elementor-column-gap-no\">\n\t\t\t\t\t<div class=\"elementor-column elementor-col-100 elementor-top-column elementor-element elementor-element-df9747e\" data-id=\"df9747e\" data-element_type=\"column\">\n\t\t\t<div class=\"elementor-widget-wrap\">\n\t\t\t\t\t\t\t<\/div>\n\t\t<\/div>\n\t\t\t\t\t<\/div>\n\t\t<\/section>\n\t\t\t\t<section class=\"elementor-section elementor-top-section elementor-element elementor-element-34c194d elementor-section-full_width qodef-elementor-content-grid elementor-section-height-default elementor-section-height-default\" data-id=\"34c194d\" data-element_type=\"section\">\n\t\t\t\t\t\t<div class=\"elementor-container elementor-column-gap-no\">\n\t\t\t\t\t<div class=\"elementor-column elementor-col-100 elementor-top-column elementor-element elementor-element-d13f62e\" data-id=\"d13f62e\" data-element_type=\"column\">\n\t\t\t<div class=\"elementor-widget-wrap elementor-element-populated\">\n\t\t\t\t\t\t<div class=\"elementor-element elementor-element-4f37830 elementor-widget elementor-widget-eona_core_image_gallery\" data-id=\"4f37830\" data-element_type=\"widget\" data-widget_type=\"eona_core_image_gallery.default\">\n\t\t\t\t<div class=\"elementor-widget-container\">\n\t\t\t\t\t<div class=\"qodef-shortcode qodef-m  qodef-image-gallery    qodef-grid qodef-layout--columns  qodef-gutter--micro qodef-col-num--3     qodef-slider-navigation--off qodef-slider-pagination--off   qodef-responsive--custom qodef-col-num--1440--3 qodef-col-num--1366--3 qodef-col-num--1024--3 qodef-col-num--768--1 qodef-col-num--680--1 qodef-col-num--480--1\">\n    <div class=\"qodef-grid-inner clear\">\n\t\t<div class=\"qodef-e qodef-image-wrapper qodef-grid-item\">\n\t\t\t<img fetchpriority=\"high\" decoding=\"async\" width=\"800\" height=\"666\" src=\"https:\/\/missglobeinternational.org\/wp-content\/uploads\/2025\/02\/Logo-RCA-Global-Entertainment-Co.jpg\" class=\"attachment-full size-full\" alt=\"\" srcset=\"https:\/\/missglobeinternational.org\/wp-content\/uploads\/2025\/02\/Logo-RCA-Global-Entertainment-Co.jpg 800w, https:\/\/missglobeinternational.org\/wp-content\/uploads\/2025\/02\/Logo-RCA-Global-Entertainment-Co-300x250.jpg 300w, https:\/\/missglobeinternational.org\/wp-content\/uploads\/2025\/02\/Logo-RCA-Global-Entertainment-Co-768x639.jpg 768w\" sizes=\"(max-width: 800px) 100vw, 800px\" \/>\t<\/div><div class=\"qodef-e qodef-image-wrapper qodef-grid-item\">\n\t\t\t<img decoding=\"async\" width=\"800\" height=\"666\" src=\"https:\/\/missglobeinternational.org\/wp-content\/uploads\/2025\/02\/Rasim-Aydin-Chairman-of-the-Board-of-Directors-RCA-Global-Entertainment-Co-1.jpg\" class=\"attachment-full size-full\" alt=\"\" srcset=\"https:\/\/missglobeinternational.org\/wp-content\/uploads\/2025\/02\/Rasim-Aydin-Chairman-of-the-Board-of-Directors-RCA-Global-Entertainment-Co-1.jpg 800w, https:\/\/missglobeinternational.org\/wp-content\/uploads\/2025\/02\/Rasim-Aydin-Chairman-of-the-Board-of-Directors-RCA-Global-Entertainment-Co-1-300x250.jpg 300w, https:\/\/missglobeinternational.org\/wp-content\/uploads\/2025\/02\/Rasim-Aydin-Chairman-of-the-Board-of-Directors-RCA-Global-Entertainment-Co-1-768x639.jpg 768w\" sizes=\"(max-width: 800px) 100vw, 800px\" \/>\t<\/div><div class=\"qodef-e qodef-image-wrapper qodef-grid-item\">\n\t\t\t<img decoding=\"async\" width=\"800\" height=\"666\" src=\"https:\/\/missglobeinternational.org\/wp-content\/uploads\/2025\/02\/Burcu-Aydin-Chairman-of-the-Executive-Board-of-RCA-Globel-Entertainment-Limited-Co-1.jpg\" class=\"attachment-full size-full\" alt=\"\" srcset=\"https:\/\/missglobeinternational.org\/wp-content\/uploads\/2025\/02\/Burcu-Aydin-Chairman-of-the-Executive-Board-of-RCA-Globel-Entertainment-Limited-Co-1.jpg 800w, https:\/\/missglobeinternational.org\/wp-content\/uploads\/2025\/02\/Burcu-Aydin-Chairman-of-the-Executive-Board-of-RCA-Globel-Entertainment-Limited-Co-1-300x250.jpg 300w, https:\/\/missglobeinternational.org\/wp-content\/uploads\/2025\/02\/Burcu-Aydin-Chairman-of-the-Executive-Board-of-RCA-Globel-Entertainment-Limited-Co-1-768x639.jpg 768w\" sizes=\"(max-width: 800px) 100vw, 800px\" \/>\t<\/div>    <\/div>\n<\/div>\t\t\t\t<\/div>\n\t\t\t\t<\/div>\n\t\t\t\t\t<\/div>\n\t\t<\/div>\n\t\t\t\t\t<\/div>\n\t\t<\/section>\n\t\t\t\t<section class=\"elementor-section elementor-top-section elementor-element elementor-element-6d8b70b elementor-section-full_width qodef-elementor-content-grid elementor-section-height-default elementor-section-height-default\" data-id=\"6d8b70b\" data-element_type=\"section\">\n\t\t\t\t\t\t<div class=\"elementor-container elementor-column-gap-no\">\n\t\t\t\t\t<div class=\"elementor-column elementor-col-100 elementor-top-column elementor-element elementor-element-ff6d4e8\" data-id=\"ff6d4e8\" data-element_type=\"column\">\n\t\t\t<div class=\"elementor-widget-wrap elementor-element-populated\">\n\t\t\t\t\t\t<div class=\"elementor-element elementor-element-6a91c0f elementor-widget elementor-widget-text-editor\" data-id=\"6a91c0f\" data-element_type=\"widget\" data-widget_type=\"text-editor.default\">\n\t\t\t\t<div class=\"elementor-widget-container\">\n\t\t\t\t\t\t\t\t\t<blockquote style=\"text-align: center;\"><p>In 2004, Rasim Ayd\u0131n, the owner of the Turkish Media Company, took over RCA Global Entertainment Co. He was appointed as the chairman of the company in the first general assembly. He then moved the company&#8217;s headquarters from Hollywood to Istanbul, Turkey.<\/p><\/blockquote>\t\t\t\t\t\t\t\t<\/div>\n\t\t\t\t<\/div>\n\t\t\t\t<div class=\"elementor-element elementor-element-3a232b6 elementor-widget elementor-widget-eona_core_separator\" data-id=\"3a232b6\" data-element_type=\"widget\" data-widget_type=\"eona_core_separator.default\">\n\t\t\t\t<div class=\"elementor-widget-container\">\n\t\t\t\t\t<div class=\"qodef-shortcode qodef-m  qodef-separator clear qodef-position--center\">\n\t<div class=\"qodef-m-line\" style=\"border-color: #000000;width: 100px;border-bottom-width: 3px\"><\/div>\n<\/div>\t\t\t\t<\/div>\n\t\t\t\t<\/div>\n\t\t\t\t\t<\/div>\n\t\t<\/div>\n\t\t\t\t\t<\/div>\n\t\t<\/section>\n\t\t\t\t<section class=\"elementor-section elementor-top-section elementor-element elementor-element-08efee3 elementor-section-full_width qodef-elementor-content-grid elementor-section-height-default elementor-section-height-default\" data-id=\"08efee3\" data-element_type=\"section\">\n\t\t\t\t\t\t<div class=\"elementor-container elementor-column-gap-no\">\n\t\t\t\t\t<div class=\"elementor-column elementor-col-100 elementor-top-column elementor-element elementor-element-563a2df\" data-id=\"563a2df\" data-element_type=\"column\">\n\t\t\t<div class=\"elementor-widget-wrap elementor-element-populated\">\n\t\t\t\t\t\t<div class=\"elementor-element elementor-element-fae91db elementor-widget elementor-widget-text-editor\" data-id=\"fae91db\" data-element_type=\"widget\" data-widget_type=\"text-editor.default\">\n\t\t\t\t<div class=\"elementor-widget-container\">\n\t\t\t\t\t\t\t\t\t<p>RCA Global Entertainment Company<br \/>Miss Globe International brand is a registered trademark in the USPTO on a global scale under the name of Rasim Ayd\u0131n. Rasim Ayd\u0131n is a Turkish citizen.<\/p><p>The definition of the brand is to organize beauty contests and stage shows for public and\/or business promotions to promote the products and services of others, and to market all kinds of artistic talents of models discovered by oneself to brands in the media and promotion business sector.<\/p><p>RCA Global Entertainment Co. is a global entertainment company established in Istanbul in 2004 based on the priority right of the company acquired in the USA.<\/p><p>The shareholders of the company are Rasim Ayd\u0131n and Burcu Ayd\u0131n.<\/p><p>The company was established in Istanbul in 2004 according to *TTY. It is registered in the Istanbul Trade Registry and all its income is taxed by the Turkish Taxation Authority according to *TTY.<\/p><p>The management of the Miss Globe International brand is under the business chain of RCA Global Empire Pageants Co. In addition to the \u2018Miss Globe International\u2019 brand, there are 34 other brands in this business chain.<\/p><p>The commercial activities of the Miss Globe International brand have been carried out by RCA Global Entertainment Co. since 2004.<\/p><p>Since 2004, the company continues to produce modeling and beauty contests registered with the USPTO under the name Charlie See, Charlie See &amp;amp; Associate in different countries worldwide in a traditional way.<\/p><p>RCA Global leases the \u2018National Franchise Licenses\u2019 of these brands it holds internationally on an annual basis. This transaction is the main activity of the company. In addition, it generates significant revenues from this area by marketing sponsorship opportunities of international contests that it directly produces to advertisers. With this situation, RCA Global Entertainment Co. specializes in brand management, entertainment and film production and license leasing.<\/p><p>HISTORY OF THE COMPANY<\/p><p>RCA Global Entertainment Company is an entertainment production company founded in 1919 in New York, USA. The company\u2019s first breakthrough was the great success of bringing the Famous French Cabaret *1Moulin Rouge Can\u2013can shows *2 to Broadway. The company grew tremendously during these shows. In the 1940s, the company\u2019s shares were taken over by Hollywood-based Charlie See, Charlie See &amp;amp; Associate.<\/p><p>After Charlie See\u2019s death in 1949, the company\u2019s entertainment production ended. After Li Sun took over Charlie See, Charlie See &amp;amp; Associate, RCA Global Entertainment Company focused on management services for musicians from Europe, especially musicals.<\/p><p>RCA Global Entertainment Co. under Li Sun\u2019s management for 7 years from 1942 to 1948, conducted a \u2018Grand Tour\u2019 starting in Canada and extending to Central America with the participation of Chinese dancers and acrobats.<\/p><p>RCA Global Entertainment Company also organized the Hollywood Beauty Festival, which included street parades, processions and fairs. RCA Global Entertainment Company continued its presence in the United States as a producer of modeling and beauty pageants until 1988.<\/p><p>In 2004, Rasim Ayd\u0131n, the owner of the Turkish Media Company, merged Charlie See, Charlie See &amp;amp; Associate with the RCA Global Entertainment Co. Brand. After the takeover, Rasim Ayd\u0131n gathered all of his commercial activities under the RCA Global title. He then moved RCA Global\u2019s headquarters from Hollywood to Istanbul, Turkey.<\/p><p>The company was registered in the Istanbul Trade Registry as a Limited Company, as a partnership of Rasim Ayd\u0131n and Burcu Ayd\u0131n. After being appointed Chairman of the Board, Rasim Ayd\u0131n redesigned the company\u2019s perspective, mission and goals.<\/p><p>Explanations:<\/p><p>*1.TTY Turkish Commercial Law<\/p><p>*2. MOULIN ROUGE: Moulin Rouge Cabaret is a cabaret created in France by Joseph Oller and Charles Zidler on October 6, 1889. Located in the 18th district of Paris, Moulin Rouge is famous for its French can can show. World famous for its red windmill, Moulin Rouge has a symbolic place in French culture despite being a private business.<\/p><p>It hosts many tourists who come to see the red windmill, special erotic shows, original entertainment programs for adults and the famous can-can dance throughout the year. The original stage shows and the design of the building have influenced its counterparts throughout its history and pioneered many architectural styles in creating entertainment venues. This historical process is summarized in the panels with pictures and explanations written in various languages at the entrance and is a living museum memory of Moulin Rouge.<\/p><p>*3.BROADWAY: A street in Manhattan, New York, USA. In the United States, musical theater performances reached their peak in the theaters and concert halls located on this street and in the side streets leading to it. Therefore, the name of this street has become synonymous with the art of music halls and stage shows in the United States.<\/p>\t\t\t\t\t\t\t\t<\/div>\n\t\t\t\t<\/div>\n\t\t\t\t<div class=\"elementor-element elementor-element-b3afd1f elementor-widget elementor-widget-eona_core_separator\" data-id=\"b3afd1f\" data-element_type=\"widget\" data-widget_type=\"eona_core_separator.default\">\n\t\t\t\t<div class=\"elementor-widget-container\">\n\t\t\t\t\t<div class=\"qodef-shortcode qodef-m  qodef-separator clear qodef-position--center\">\n\t<div class=\"qodef-m-line\" style=\"border-color: #000000;width: 100px;border-bottom-width: 3px\"><\/div>\n<\/div>\t\t\t\t<\/div>\n\t\t\t\t<\/div>\n\t\t\t\t\t<\/div>\n\t\t<\/div>\n\t\t\t\t\t<\/div>\n\t\t<\/section>\n\t\t\t\t<section class=\"elementor-section elementor-top-section elementor-element elementor-element-01c9232 elementor-section-full_width qodef-elementor-content-grid elementor-section-height-default elementor-section-height-default\" data-id=\"01c9232\" data-element_type=\"section\">\n\t\t\t\t\t\t<div class=\"elementor-container elementor-column-gap-no\">\n\t\t\t\t\t<div class=\"elementor-column elementor-col-100 elementor-top-column elementor-element elementor-element-51d013e\" data-id=\"51d013e\" data-element_type=\"column\">\n\t\t\t<div class=\"elementor-widget-wrap elementor-element-populated\">\n\t\t\t\t\t\t\t<\/div>\n\t\t<\/div>\n\t\t\t\t\t<\/div>\n\t\t<\/section>\n\t\t\t\t<\/div>\n\t\t","protected":false},"excerpt":{"rendered":"<p>RCA Global Entertainment Co Company Partners The universe is like an orchestra, for those who can hear it. In 2004, Rasim Ayd\u0131n, the owner of the Turkish Media Company, took over RCA Global Entertainment Co. He was appointed as the chairman of the company in the first general assembly. He then moved the company&#8217;s headquarters [&hellip;]<\/p>\n","protected":false},"author":1,"featured_media":0,"parent":0,"menu_order":0,"comment_status":"closed","ping_status":"closed","template":"page-full-width.php","meta":{"footnotes":""},"class_list":["post-5730","page","type-page","status-publish","hentry"],"_links":{"self":[{"href":"https:\/\/missglobeinternational.org\/index.php\/wp-json\/wp\/v2\/pages\/5730","targetHints":{"allow":["GET"]}}],"collection":[{"href":"https:\/\/missglobeinternational.org\/index.php\/wp-json\/wp\/v2\/pages"}],"about":[{"href":"https:\/\/missglobeinternational.org\/index.php\/wp-json\/wp\/v2\/types\/page"}],"author":[{"embeddable":true,"href":"https:\/\/missglobeinternational.org\/index.php\/wp-json\/wp\/v2\/users\/1"}],"replies":[{"embeddable":true,"href":"https:\/\/missglobeinternational.org\/index.php\/wp-json\/wp\/v2\/comments?post=5730"}],"version-history":[{"count":125,"href":"https:\/\/missglobeinternational.org\/index.php\/wp-json\/wp\/v2\/pages\/5730\/revisions"}],"predecessor-version":[{"id":7687,"href":"https:\/\/missglobeinternational.org\/index.php\/wp-json\/wp\/v2\/pages\/5730\/revisions\/7687"}],"wp:attachment":[{"href":"https:\/\/missglobeinternational.org\/index.php\/wp-json\/wp\/v2\/media?parent=5730"}],"curies":[{"name":"wp","href":"https:\/\/api.w.org\/{rel}","templated":true}]}}