{"id":5818,"date":"2024-12-09T17:07:40","date_gmt":"2024-12-09T17:07:40","guid":{"rendered":"https:\/\/missglobeinternational.org\/?page_id=5818"},"modified":"2025-02-24T12:11:54","modified_gmt":"2025-02-24T12:11:54","slug":"brand-register","status":"publish","type":"page","link":"https:\/\/missglobeinternational.org\/index.php\/brand-register\/","title":{"rendered":"Brand Register"},"content":{"rendered":"\t\t<div data-elementor-type=\"wp-page\" data-elementor-id=\"5818\" class=\"elementor elementor-5818\">\n\t\t\t\t\t\t<section style=\"height: 520px\" class=\"qodef-parallax--custom elementor-section elementor-top-section elementor-element elementor-element-b5f8028 elementor-section-full_width qodef-elementor-content-grid elementor-section-stretched elementor-section-height-default elementor-section-height-default\" data-id=\"b5f8028\" data-element_type=\"section\" data-settings=\"{&quot;stretch_section&quot;:&quot;section-stretched&quot;}\">\n\t\t\t\t\t\t<div class=\"elementor-container elementor-column-gap-no\">\n\t\t\t\t\t<div class=\"elementor-column elementor-col-100 elementor-top-column elementor-element elementor-element-38594fc\" data-id=\"38594fc\" data-element_type=\"column\">\n\t\t\t<div class=\"elementor-widget-wrap elementor-element-populated\">\n\t\t\t\t\t\t<div class=\"elementor-element elementor-element-aab23b6 elementor-widget elementor-widget-eona_core_section_title\" data-id=\"aab23b6\" data-element_type=\"widget\" data-widget_type=\"eona_core_section_title.default\">\n\t\t\t\t<div class=\"elementor-widget-container\">\n\t\t\t\t\t<div class=\"qodef-shortcode qodef-m  qodef-section-title qodef-alignment--left    \">\n    \t<h6 class=\"qodef-m-caption\" style=\"color: #FFFFFF\">\n        Miss Globe International\t<\/h6>\n\t<h1 class=\"qodef-m-title\" style=\"color: #FFFFFF\" >\n                    BRAND REGISTER            <\/h1>\n    \t<span class=\"qodef-m-subtitle\" style=\"color: #FFFFFF\">\n        Rasim Ayd\u0131n \u2013 T\u00fcrk Anthropologist, Reporter, Commentator, Entrepreneur, Employer.\t<\/span>\n    \t    <\/div>\t\t\t\t<\/div>\n\t\t\t\t<\/div>\n\t\t\t\t\t<\/div>\n\t\t<\/div>\n\t\t\t\t\t<\/div>\n\t\t<\/section>\n\t\t\t\t<section class=\"elementor-section elementor-top-section elementor-element elementor-element-cce703a elementor-section-full_width qodef-elementor-content-grid elementor-section-stretched elementor-section-height-default elementor-section-height-default\" data-id=\"cce703a\" data-element_type=\"section\" data-settings=\"{&quot;stretch_section&quot;:&quot;section-stretched&quot;}\">\n\t\t\t\t\t\t<div class=\"elementor-container elementor-column-gap-no\">\n\t\t\t\t\t<div class=\"elementor-column elementor-col-100 elementor-top-column elementor-element elementor-element-df9747e\" data-id=\"df9747e\" data-element_type=\"column\">\n\t\t\t<div class=\"elementor-widget-wrap elementor-element-populated\">\n\t\t\t\t\t\t\t<\/div>\n\t\t<\/div>\n\t\t\t\t\t<\/div>\n\t\t<\/section>\n\t\t\t\t<section class=\"elementor-section elementor-top-section elementor-element elementor-element-34c194d elementor-section-full_width qodef-elementor-content-grid elementor-section-height-default elementor-section-height-default\" data-id=\"34c194d\" data-element_type=\"section\">\n\t\t\t\t\t\t<div class=\"elementor-container elementor-column-gap-no\">\n\t\t\t\t\t<div class=\"elementor-column elementor-col-100 elementor-top-column elementor-element elementor-element-d13f62e\" data-id=\"d13f62e\" data-element_type=\"column\">\n\t\t\t<div class=\"elementor-widget-wrap elementor-element-populated\">\n\t\t\t\t\t\t<div class=\"elementor-element elementor-element-31d8033 elementor-widget elementor-widget-eona_core_dropcaps\" data-id=\"31d8033\" data-element_type=\"widget\" data-widget_type=\"eona_core_dropcaps.default\">\n\t\t\t\t<div class=\"elementor-widget-container\">\n\t\t\t\t\t<div class=\"qodef-shortcode qodef-m  qodef-dropcaps qodef-type--simple qodef-alignment--left\">\n\t<span class=\"qodef-m-letter\" ><\/span>\n\t<\/div>\t\t\t\t<\/div>\n\t\t\t\t<\/div>\n\t\t\t\t<div class=\"elementor-element elementor-element-4f37830 elementor-widget elementor-widget-eona_core_image_gallery\" data-id=\"4f37830\" data-element_type=\"widget\" data-widget_type=\"eona_core_image_gallery.default\">\n\t\t\t\t<div class=\"elementor-widget-container\">\n\t\t\t\t\t<div class=\"qodef-shortcode qodef-m  qodef-image-gallery    qodef-grid qodef-layout--columns  qodef-gutter--micro qodef-col-num--3     qodef-slider-navigation--off qodef-slider-pagination--off   qodef-responsive--custom qodef-col-num--1440--3 qodef-col-num--1366--3 qodef-col-num--1024--3 qodef-col-num--768--1 qodef-col-num--680--1 qodef-col-num--480--1\">\n    <div class=\"qodef-grid-inner clear\">\n\t\t<div class=\"qodef-e qodef-image-wrapper qodef-grid-item\">\n\t\t\t<img fetchpriority=\"high\" decoding=\"async\" width=\"1920\" height=\"2560\" src=\"https:\/\/missglobeinternational.org\/wp-content\/uploads\/2024\/12\/Miss_Globe_International_is_a_registered_trademark_-of_Rasim_Aydin_at_the_TPE_Certificate-scaled.jpg\" class=\"attachment-full size-full\" alt=\"\" srcset=\"https:\/\/missglobeinternational.org\/wp-content\/uploads\/2024\/12\/Miss_Globe_International_is_a_registered_trademark_-of_Rasim_Aydin_at_the_TPE_Certificate-scaled.jpg 1920w, https:\/\/missglobeinternational.org\/wp-content\/uploads\/2024\/12\/Miss_Globe_International_is_a_registered_trademark_-of_Rasim_Aydin_at_the_TPE_Certificate-225x300.jpg 225w, https:\/\/missglobeinternational.org\/wp-content\/uploads\/2024\/12\/Miss_Globe_International_is_a_registered_trademark_-of_Rasim_Aydin_at_the_TPE_Certificate-768x1024.jpg 768w, https:\/\/missglobeinternational.org\/wp-content\/uploads\/2024\/12\/Miss_Globe_International_is_a_registered_trademark_-of_Rasim_Aydin_at_the_TPE_Certificate-1152x1536.jpg 1152w, https:\/\/missglobeinternational.org\/wp-content\/uploads\/2024\/12\/Miss_Globe_International_is_a_registered_trademark_-of_Rasim_Aydin_at_the_TPE_Certificate-1536x2048.jpg 1536w, https:\/\/missglobeinternational.org\/wp-content\/uploads\/2024\/12\/Miss_Globe_International_is_a_registered_trademark_-of_Rasim_Aydin_at_the_TPE_Certificate-600x800.jpg 600w\" sizes=\"(max-width: 1920px) 100vw, 1920px\" \/>\t<\/div><div class=\"qodef-e qodef-image-wrapper qodef-grid-item\">\n\t\t\t<img decoding=\"async\" width=\"1920\" height=\"2560\" src=\"https:\/\/missglobeinternational.org\/wp-content\/uploads\/2024\/12\/Miss_Globe_International_is_a_registered_trademark_-of_Rasim_Aydin_at_the_USPTO_Certificate-scaled.jpg\" class=\"attachment-full size-full\" alt=\"\" srcset=\"https:\/\/missglobeinternational.org\/wp-content\/uploads\/2024\/12\/Miss_Globe_International_is_a_registered_trademark_-of_Rasim_Aydin_at_the_USPTO_Certificate-scaled.jpg 1920w, https:\/\/missglobeinternational.org\/wp-content\/uploads\/2024\/12\/Miss_Globe_International_is_a_registered_trademark_-of_Rasim_Aydin_at_the_USPTO_Certificate-225x300.jpg 225w, https:\/\/missglobeinternational.org\/wp-content\/uploads\/2024\/12\/Miss_Globe_International_is_a_registered_trademark_-of_Rasim_Aydin_at_the_USPTO_Certificate-768x1024.jpg 768w, https:\/\/missglobeinternational.org\/wp-content\/uploads\/2024\/12\/Miss_Globe_International_is_a_registered_trademark_-of_Rasim_Aydin_at_the_USPTO_Certificate-1152x1536.jpg 1152w, https:\/\/missglobeinternational.org\/wp-content\/uploads\/2024\/12\/Miss_Globe_International_is_a_registered_trademark_-of_Rasim_Aydin_at_the_USPTO_Certificate-1536x2048.jpg 1536w, https:\/\/missglobeinternational.org\/wp-content\/uploads\/2024\/12\/Miss_Globe_International_is_a_registered_trademark_-of_Rasim_Aydin_at_the_USPTO_Certificate-600x800.jpg 600w\" sizes=\"(max-width: 1920px) 100vw, 1920px\" \/>\t<\/div><div class=\"qodef-e qodef-image-wrapper qodef-grid-item\">\n\t\t\t<img decoding=\"async\" width=\"1920\" height=\"2560\" src=\"https:\/\/missglobeinternational.org\/wp-content\/uploads\/2025\/02\/Miss_Globe_International_is_a_registered_trademark_-of_Rasim_Aydin_at_the_ohim_Certificate-2-scaled.jpg\" class=\"attachment-full size-full\" alt=\"\" srcset=\"https:\/\/missglobeinternational.org\/wp-content\/uploads\/2025\/02\/Miss_Globe_International_is_a_registered_trademark_-of_Rasim_Aydin_at_the_ohim_Certificate-2-scaled.jpg 1920w, https:\/\/missglobeinternational.org\/wp-content\/uploads\/2025\/02\/Miss_Globe_International_is_a_registered_trademark_-of_Rasim_Aydin_at_the_ohim_Certificate-2-225x300.jpg 225w, https:\/\/missglobeinternational.org\/wp-content\/uploads\/2025\/02\/Miss_Globe_International_is_a_registered_trademark_-of_Rasim_Aydin_at_the_ohim_Certificate-2-768x1024.jpg 768w, https:\/\/missglobeinternational.org\/wp-content\/uploads\/2025\/02\/Miss_Globe_International_is_a_registered_trademark_-of_Rasim_Aydin_at_the_ohim_Certificate-2-1152x1536.jpg 1152w, https:\/\/missglobeinternational.org\/wp-content\/uploads\/2025\/02\/Miss_Globe_International_is_a_registered_trademark_-of_Rasim_Aydin_at_the_ohim_Certificate-2-1536x2048.jpg 1536w\" sizes=\"(max-width: 1920px) 100vw, 1920px\" \/>\t<\/div>    <\/div>\n<\/div>\t\t\t\t<\/div>\n\t\t\t\t<\/div>\n\t\t\t\t\t<\/div>\n\t\t<\/div>\n\t\t\t\t\t<\/div>\n\t\t<\/section>\n\t\t\t\t<section class=\"elementor-section elementor-top-section elementor-element elementor-element-6d8b70b elementor-section-full_width qodef-elementor-content-grid elementor-section-height-default elementor-section-height-default\" data-id=\"6d8b70b\" data-element_type=\"section\">\n\t\t\t\t\t\t<div class=\"elementor-container elementor-column-gap-no\">\n\t\t\t\t\t<div class=\"elementor-column elementor-col-100 elementor-top-column elementor-element elementor-element-ff6d4e8\" data-id=\"ff6d4e8\" data-element_type=\"column\">\n\t\t\t<div class=\"elementor-widget-wrap elementor-element-populated\">\n\t\t\t\t\t\t<div class=\"elementor-element elementor-element-6a91c0f elementor-widget elementor-widget-text-editor\" data-id=\"6a91c0f\" data-element_type=\"widget\" data-widget_type=\"text-editor.default\">\n\t\t\t\t<div class=\"elementor-widget-container\">\n\t\t\t\t\t\t\t\t\t<blockquote style=\"text-align: center;\"><p>In the execution of these issues, \u2018Miss Globe Organization \u2013 Brand Protection Department\u2019 should be in agreement with Uygunba\u015f Law Firm. Attorney \u0130skender Uygunba\u015f is our chief attorney. (contact number: +90 532 296 33 76). He monitors brand and property issues worldwide and is responsible for monitoring our intellectual property rights.<\/p><p>National event organizers can only organize national competitions by making a franchise agreement with us in order to be legal. All other attempts are illegal.<\/p><\/blockquote>\t\t\t\t\t\t\t\t<\/div>\n\t\t\t\t<\/div>\n\t\t\t\t<div class=\"elementor-element elementor-element-3a232b6 elementor-widget elementor-widget-eona_core_separator\" data-id=\"3a232b6\" data-element_type=\"widget\" data-widget_type=\"eona_core_separator.default\">\n\t\t\t\t<div class=\"elementor-widget-container\">\n\t\t\t\t\t<div class=\"qodef-shortcode qodef-m  qodef-separator clear qodef-position--center\">\n\t<div class=\"qodef-m-line\" style=\"border-color: #000000;width: 100px;border-bottom-width: 3px\"><\/div>\n<\/div>\t\t\t\t<\/div>\n\t\t\t\t<\/div>\n\t\t\t\t\t<\/div>\n\t\t<\/div>\n\t\t\t\t\t<\/div>\n\t\t<\/section>\n\t\t\t\t<section class=\"elementor-section elementor-top-section elementor-element elementor-element-01c9232 elementor-section-full_width qodef-elementor-content-grid elementor-section-height-default elementor-section-height-default\" data-id=\"01c9232\" data-element_type=\"section\">\n\t\t\t\t\t\t<div class=\"elementor-container elementor-column-gap-no\">\n\t\t\t\t\t<div class=\"elementor-column elementor-col-100 elementor-top-column elementor-element elementor-element-51d013e\" data-id=\"51d013e\" data-element_type=\"column\">\n\t\t\t<div class=\"elementor-widget-wrap elementor-element-populated\">\n\t\t\t\t\t\t<div class=\"elementor-element elementor-element-c9368e4 elementor-widget elementor-widget-text-editor\" data-id=\"c9368e4\" data-element_type=\"widget\" data-widget_type=\"text-editor.default\">\n\t\t\t\t<div class=\"elementor-widget-container\">\n\t\t\t\t\t\t\t\t\t<p>REGISTERED OF TRADEMARK<\/p><p>The main registration of the Miss Globe International brand is kept in the US Trademark and Patent Office where the brand was created. Our brand is protected both nationally and internationally in the USA under the Intellectual Property Rights Act of 1946.<\/p><p>The term Miss Globe was first registered in 1925 in the US in the Los Angeles Trade Registry by the founding president Charlie See on behalf of the Charlie See &amp; Charlie See Associate company.<\/p><p>The Miss Globe International title was registered as a trademark with the USPTO on June 9, 1967, 18 years after Charlie See&#8217;s death, on the 47th anniversary of the competition. This registration was made by Li Sun, the owner of the company. Since there was no other heir to the Charlie See &amp; Charlie See Associate company after Charlie See&#8217;s death, Li Sun is the person who took ownership and continued the company.<\/p><p>In order to legally protect the title &#8216;Miss Globe International&#8217;, the words Miss Globe International\u00ae were registered separately as trademarks in the same occupational class on June 09, 1967, Miss Globe Beauty\u00ae on January 23, 1973, and Miss Globe\u00ae on August 12, 1975. The occupational class of the brand is national 100, 101 and 107, and international 41. Although more than one trademark has been registered in the USPTO regarding the Miss Globe title, in practice the titles \u2018Miss Globe National\u2019 and \u2018Miss Globe International\u2019 have been described and put into use. These titles fully express the two-stage competition.<\/p><p>The Miss Globe National and Miss Globe International brands were previously produced by Charlie See &amp; Charlie See Associate under the trade name Festival of Beauty.<\/p><p>On May 26, 2004, Li Sun transferred the Miss Globe Natinal and Miss Globe International brands to Rasim Ayd\u0131n, the owner of the T\u00fcrk Medya Company, on behalf of Charlie See &amp; Charlie See Associate, the legal owner of the brand. This transfer was approved by the California State Department on May 26, 2004 with a post-A stamp. After Rasim Ayd\u0131n took over the brand, the production of the competition was undertaken by the RCA Global Entertainment Company.<\/p><p>The current legal records of the Miss Globe International brand, which operates under the Miss Globe Organization, are as follows.<\/p><p>USPTO: Miss Globe International, USPTO, Rasim Ayd\u0131n, registered in 100, 101 and 107 National Classes and International Class 41 with the number 3,756,654.<\/p><p>OHIM Miss Globe International, Rasim Ayd\u0131n, registered in OHIM, European Union Trademark and Patent Office in International 41 class with the number 009259227.<\/p><p>TPE Miss Globe International, Rasim Ayd\u0131n, registered in Turkish Patent Institute Trademark Office in International 41 class with the number 2007\/52692.<\/p><p>National event organizers can only organize national competitions by making a Franchise agreement based on these registrations in order to be legal. It cannot be done without the permission of Rasim Ayd\u0131n, the legal owner of the brand.<\/p><p>The distinguishing feature of our legal brand is its coat of arms. Our brand is designed in a circular form in gold color and the outer ring contains the phrase Miss Globe Beauty Pageant. In the middle of this emblem, there is Miss Globe International or in the versions prepared for franchises in the countries, there is a separate\/separate country name (\u2026.. National) in each country. The name of our founder Charlie See and the name of the owner of the brand Rasim Ayd\u0131n and the statement that the brand was founded in 1925 are clearly visible on the emblem.<\/p><p>Some people who are prone to committing crimes in various countries illegally use the term Miss Globe International under other emblems. These attempts are crimes before the law. Unfortunately, there is no common protection institution that all countries are party to universally, nor is there a protective law.<\/p><p>Some countries do not even have a trademark protection law. Unfortunately, we also experience the abuse problems that all international brands experience. These people who do not respect our legal rights, take advantage of the laws of their countries, establish a company under the name of Miss Globe Group, register the words Miss Globe as a trademark in their own countries, and try to act as if it were the original Miss Globe International competition based on this national registration.<\/p><p>Thus, they mislead consumers. Some of these fraudsters have attempted to remove the words that make up the brand and\/or make new additions and design a brand logo similar to ours and even register them with the USPTO.<\/p><p>However, the USPTO research department has rejected these requests. Those who are curious can go to the USPTO website and review the rejected attempts to understand who these vandals are. They can learn the identities of these people, and thus be protected from their illegal competitions. The \u2018Miss Globe Organization &#8211; Brand Protection Department\u2019 has assigned Uygunba\u015f Law Firm to monitor these issues.<\/p><p>Attorney \u0130skender Uygunba\u015f, (Contact Number: +90 532 296 33 76). Monitors brand and property issues worldwide and is in constant effort to protect our intellectual property rights.<\/p><p>Since it is not possible to prevent this abuse internationally, participants need to be sensitive. On the other hand, the information about the Miss Globe International brand on Wikipedia is also partially insecure. The information is presented as if there were three separate legal \u2018Miss Globe International\u2019 competitions.<\/p><p>Historical facts about the brand are also partially distorted. There is also a lot of imaginary information about our brand on Wikipedia pages that is not real.<\/p><p>Although we have made corrections many times in the past, since the pages are open coding, those who abuse our brand have made a special effort to change this information and to put their own names there. Despite our application, Wikipedia unfortunately has not been responsive to the complaints and has not locked the page. It has not prevented vandals from making changes to the main information source. It has not corrected the erroneous information.<\/p><p>Updated January 1, 2025<\/p>\t\t\t\t\t\t\t\t<\/div>\n\t\t\t\t<\/div>\n\t\t\t\t\t<\/div>\n\t\t<\/div>\n\t\t\t\t\t<\/div>\n\t\t<\/section>\n\t\t\t\t<section class=\"elementor-section elementor-top-section elementor-element elementor-element-c905cc0 elementor-section-boxed elementor-section-height-default elementor-section-height-default qodef-elementor-content-no\" data-id=\"c905cc0\" data-element_type=\"section\">\n\t\t\t\t\t\t<div class=\"elementor-container elementor-column-gap-default\">\n\t\t\t\t\t<div class=\"elementor-column elementor-col-100 elementor-top-column elementor-element elementor-element-c810ea3\" data-id=\"c810ea3\" data-element_type=\"column\">\n\t\t\t<div class=\"elementor-widget-wrap elementor-element-populated\">\n\t\t\t\t\t\t<div class=\"elementor-element elementor-element-d03a02f elementor-widget elementor-widget-image\" data-id=\"d03a02f\" data-element_type=\"widget\" data-widget_type=\"image.default\">\n\t\t\t\t<div class=\"elementor-widget-container\">\n\t\t\t\t\t\t\t\t\t\t\t\t\t\t\t<img loading=\"lazy\" decoding=\"async\" width=\"303\" height=\"81\" src=\"https:\/\/missglobeinternational.org\/wp-content\/uploads\/2020\/05\/about-me-img-4.jpg\" class=\"attachment-full size-full wp-image-984\" alt=\"k\" srcset=\"https:\/\/missglobeinternational.org\/wp-content\/uploads\/2020\/05\/about-me-img-4.jpg 303w, https:\/\/missglobeinternational.org\/wp-content\/uploads\/2020\/05\/about-me-img-4-300x81.jpg 300w\" sizes=\"(max-width: 303px) 100vw, 303px\" \/>\t\t\t\t\t\t\t\t\t\t\t\t\t\t\t<\/div>\n\t\t\t\t<\/div>\n\t\t\t\t\t<\/div>\n\t\t<\/div>\n\t\t\t\t\t<\/div>\n\t\t<\/section>\n\t\t\t\t<section class=\"elementor-section elementor-top-section elementor-element elementor-element-97041bc elementor-section-full_width elementor-section-height-default elementor-section-height-default qodef-elementor-content-no\" data-id=\"97041bc\" data-element_type=\"section\">\n\t\t\t\t\t\t<div class=\"elementor-container elementor-column-gap-no\">\n\t\t\t\t\t<div class=\"elementor-column elementor-col-100 elementor-top-column elementor-element elementor-element-e1c7a13\" data-id=\"e1c7a13\" data-element_type=\"column\">\n\t\t\t<div class=\"elementor-widget-wrap elementor-element-populated\">\n\t\t\t\t\t\t<div class=\"elementor-element elementor-element-665d0a2 elementor-widget elementor-widget-sidebar\" data-id=\"665d0a2\" data-element_type=\"widget\" data-widget_type=\"sidebar.default\">\n\t\t\t\t<div class=\"elementor-widget-container\">\n\t\t\t\t\t<div class=\"widget widget_eona_core_instagram_list\" data-area=\"instagram\"><div class=\"qodef-shortcode qodef-m  qodef-instagram-list qodef-instagram-columns\">\n\t<\/div><\/div>\t\t\t\t<\/div>\n\t\t\t\t<\/div>\n\t\t\t\t\t<\/div>\n\t\t<\/div>\n\t\t\t\t\t<\/div>\n\t\t<\/section>\n\t\t\t\t<\/div>\n\t\t","protected":false},"excerpt":{"rendered":"<p>Miss Globe International BRAND REGISTER Rasim Ayd\u0131n \u2013 T\u00fcrk Anthropologist, Reporter, Commentator, Entrepreneur, Employer. In the execution of these issues, \u2018Miss Globe Organization \u2013 Brand Protection Department\u2019 should be in agreement with Uygunba\u015f Law Firm. Attorney \u0130skender Uygunba\u015f is our chief attorney. (contact number: +90 532 296 33 76). He monitors brand and property issues [&hellip;]<\/p>\n","protected":false},"author":2,"featured_media":0,"parent":0,"menu_order":0,"comment_status":"closed","ping_status":"closed","template":"page-full-width.php","meta":{"footnotes":""},"class_list":["post-5818","page","type-page","status-publish","hentry"],"_links":{"self":[{"href":"https:\/\/missglobeinternational.org\/index.php\/wp-json\/wp\/v2\/pages\/5818","targetHints":{"allow":["GET"]}}],"collection":[{"href":"https:\/\/missglobeinternational.org\/index.php\/wp-json\/wp\/v2\/pages"}],"about":[{"href":"https:\/\/missglobeinternational.org\/index.php\/wp-json\/wp\/v2\/types\/page"}],"author":[{"embeddable":true,"href":"https:\/\/missglobeinternational.org\/index.php\/wp-json\/wp\/v2\/users\/2"}],"replies":[{"embeddable":true,"href":"https:\/\/missglobeinternational.org\/index.php\/wp-json\/wp\/v2\/comments?post=5818"}],"version-history":[{"count":85,"href":"https:\/\/missglobeinternational.org\/index.php\/wp-json\/wp\/v2\/pages\/5818\/revisions"}],"predecessor-version":[{"id":7626,"href":"https:\/\/missglobeinternational.org\/index.php\/wp-json\/wp\/v2\/pages\/5818\/revisions\/7626"}],"wp:attachment":[{"href":"https:\/\/missglobeinternational.org\/index.php\/wp-json\/wp\/v2\/media?parent=5818"}],"curies":[{"name":"wp","href":"https:\/\/api.w.org\/{rel}","templated":true}]}}